{"id":332,"date":"2026-04-02T12:24:15","date_gmt":"2026-04-02T12:24:15","guid":{"rendered":"https:\/\/caynhalavuon.azdigi.shop\/?post_type=product&#038;p=332"},"modified":"2026-04-02T12:26:06","modified_gmt":"2026-04-02T12:26:06","slug":"set-qua-tet-nhu-y-tang-dong-nghiep-tra-viet-qt107","status":"publish","type":"product","link":"https:\/\/caynhalavuon.azdigi.shop\/index.php\/san-pham\/set-qua-tet-nhu-y-tang-dong-nghiep-tra-viet-qt107\/","title":{"rendered":"Set qu\u00e0 t\u1ebft Nh\u01b0 \u00dd t\u1eb7ng \u0111\u1ed3ng nghi\u1ec7p \u2013 Tr\u00e0 Vi\u1ec7t QT107"},"content":{"rendered":"","protected":false},"excerpt":{"rendered":"<p>B\u1ed9 Qu\u00e0 t\u1ebft Nh\u01b0 \u00dd sang tr\u1ecdng t\u1eb7ng s\u1ebfp, kh\u00e1ch VIP, ng\u01b0\u1eddi l\u1edbn tu\u1ed5i Tr\u00e0 Vi\u1ec7t QT107<br \/>\nH\u1ed9p qu\u00e0 Nh\u01b0 \u00dd, h\u1ed9p qu\u00e0 c\u1ee9ng, n\u1eafp nam ch\u00e2m, ch\u1ea5t li\u1ec7u gi\u1ea5y m\u0129 thu\u1eadt c\u00e1n g\u00e2n cao c\u1ea5p, th\u00edch h\u1ee3p l\u00e0m h\u1ed9p qu\u00e0 t\u1ebft<br \/>\n01 b\u1ed9 \u1ea5m tr\u00e0 thu\u1ef7 tinh ch\u1ecbu nhi\u1ec7t cao c\u1ea5p, g\u1ed3m 01 \u1ea5m v\u00e0 04 ch\u00e9n u\u1ed1ng tr\u00e0<br \/>\n01 h\u1ed9p \u00d4 Long Nh\u00e2n S\u00e2m, g\u1ed3m 12 t\u00fai tr\u00e0 8g h\u00fat ch\u00e2n kh\u00f4ng<br \/>\nM\u1ed7i h\u1ed9p qu\u00e0 s\u1ebd \u0111i k\u00e8m v\u1edbi 1 t\u00fai \u0111\u1ef1ng h\u1ed9p qu\u00e0, 1 quy\u1ec3n s\u00e1ch \u201cChuy\u1ec7n tr\u00e0\u201d, bao l\u00ec x\u00ec v\u00e0 1 thi\u1ec7p ch\u00fac m\u1eebng n\u0103m m\u1edbi<br \/>\nH\u1ed7 tr\u1ee3 thi\u1ebft k\u1ebf m\u1eabu h\u1ed9p, in logo doanh nghi\u1ec7p l\u00ean h\u1ed9p qu\u00e0<br \/>\nGiao h\u00e0ng to\u00e0n qu\u1ed1c<\/p>\n","protected":false},"featured_media":333,"comment_status":"open","ping_status":"closed","template":"","meta":[],"product_brand":[],"product_cat":[27],"product_tag":[],"class_list":{"0":"post-332","1":"product","2":"type-product","3":"status-publish","4":"has-post-thumbnail","6":"product_cat-qua-tang-tet-2026","8":"first","9":"instock","10":"shipping-taxable","11":"purchasable","12":"product-type-simple"},"yoast_head":"<!-- This site is optimized with the Yoast SEO plugin v26.9 - https:\/\/yoast.com\/product\/yoast-seo-wordpress\/ -->\n<title>Set qu\u00e0 t\u1ebft Nh\u01b0 \u00dd t\u1eb7ng \u0111\u1ed3ng nghi\u1ec7p \u2013 Tr\u00e0 Vi\u1ec7t QT107 - \u00c1i Tr\u00e0<\/title>\n<meta name=\"robots\" content=\"index, follow, max-snippet:-1, max-image-preview:large, max-video-preview:-1\" \/>\n<link rel=\"canonical\" href=\"https:\/\/caynhalavuon.azdigi.shop\/index.php\/san-pham\/set-qua-tet-nhu-y-tang-dong-nghiep-tra-viet-qt107\/\" \/>\n<meta property=\"og:locale\" content=\"vi_VN\" \/>\n<meta property=\"og:type\" content=\"article\" \/>\n<meta property=\"og:title\" content=\"Set qu\u00e0 t\u1ebft Nh\u01b0 \u00dd t\u1eb7ng \u0111\u1ed3ng nghi\u1ec7p \u2013 Tr\u00e0 Vi\u1ec7t QT107 - \u00c1i Tr\u00e0\" \/>\n<meta property=\"og:description\" content=\"B\u1ed9 Qu\u00e0 t\u1ebft Nh\u01b0 \u00dd sang tr\u1ecdng t\u1eb7ng s\u1ebfp, kh\u00e1ch VIP, ng\u01b0\u1eddi l\u1edbn tu\u1ed5i Tr\u00e0 Vi\u1ec7t QT107 H\u1ed9p qu\u00e0 Nh\u01b0 \u00dd, h\u1ed9p qu\u00e0 c\u1ee9ng, n\u1eafp nam ch\u00e2m, ch\u1ea5t li\u1ec7u gi\u1ea5y m\u0129 thu\u1eadt c\u00e1n g\u00e2n cao c\u1ea5p, th\u00edch h\u1ee3p l\u00e0m h\u1ed9p qu\u00e0 t\u1ebft 01 b\u1ed9 \u1ea5m tr\u00e0 thu\u1ef7 tinh ch\u1ecbu nhi\u1ec7t cao c\u1ea5p, g\u1ed3m 01 \u1ea5m v\u00e0 04 ch\u00e9n u\u1ed1ng tr\u00e0 01 h\u1ed9p \u00d4 Long Nh\u00e2n S\u00e2m, g\u1ed3m 12 t\u00fai tr\u00e0 8g h\u00fat ch\u00e2n kh\u00f4ng M\u1ed7i h\u1ed9p qu\u00e0 s\u1ebd \u0111i k\u00e8m v\u1edbi 1 t\u00fai \u0111\u1ef1ng h\u1ed9p qu\u00e0, 1 quy\u1ec3n s\u00e1ch \u201cChuy\u1ec7n tr\u00e0\u201d, bao l\u00ec x\u00ec v\u00e0 1 thi\u1ec7p ch\u00fac m\u1eebng n\u0103m m\u1edbi H\u1ed7 tr\u1ee3 thi\u1ebft k\u1ebf m\u1eabu h\u1ed9p, in logo doanh nghi\u1ec7p l\u00ean h\u1ed9p qu\u00e0 Giao h\u00e0ng to\u00e0n qu\u1ed1c\" \/>\n<meta property=\"og:url\" content=\"https:\/\/caynhalavuon.azdigi.shop\/index.php\/san-pham\/set-qua-tet-nhu-y-tang-dong-nghiep-tra-viet-qt107\/\" \/>\n<meta property=\"og:site_name\" content=\"\u00c1i Tr\u00e0\" \/>\n<meta property=\"article:modified_time\" content=\"2026-04-02T12:26:06+00:00\" \/>\n<meta property=\"og:image\" content=\"https:\/\/caynhalavuon.azdigi.shop\/wp-content\/uploads\/2026\/04\/image-27.jpg\" \/>\n\t<meta property=\"og:image:width\" content=\"1024\" \/>\n\t<meta property=\"og:image:height\" content=\"1024\" \/>\n\t<meta property=\"og:image:type\" content=\"image\/jpeg\" \/>\n<meta name=\"twitter:card\" content=\"summary_large_image\" \/>\n<meta name=\"twitter:label1\" content=\"\u01af\u1edbc t\u00ednh th\u1eddi gian \u0111\u1ecdc\" \/>\n\t<meta name=\"twitter:data1\" content=\"1 ph\u00fat\" \/>\n<script type=\"application\/ld+json\" class=\"yoast-schema-graph\">{\"@context\":\"https:\/\/schema.org\",\"@graph\":[{\"@type\":\"WebPage\",\"@id\":\"https:\/\/caynhalavuon.azdigi.shop\/index.php\/san-pham\/set-qua-tet-nhu-y-tang-dong-nghiep-tra-viet-qt107\/\",\"url\":\"https:\/\/caynhalavuon.azdigi.shop\/index.php\/san-pham\/set-qua-tet-nhu-y-tang-dong-nghiep-tra-viet-qt107\/\",\"name\":\"Set qu\u00e0 t\u1ebft Nh\u01b0 \u00dd t\u1eb7ng \u0111\u1ed3ng nghi\u1ec7p \u2013 Tr\u00e0 Vi\u1ec7t QT107 - \u00c1i Tr\u00e0\",\"isPartOf\":{\"@id\":\"https:\/\/caynhalavuon.azdigi.shop\/#website\"},\"primaryImageOfPage\":{\"@id\":\"https:\/\/caynhalavuon.azdigi.shop\/index.php\/san-pham\/set-qua-tet-nhu-y-tang-dong-nghiep-tra-viet-qt107\/#primaryimage\"},\"image\":{\"@id\":\"https:\/\/caynhalavuon.azdigi.shop\/index.php\/san-pham\/set-qua-tet-nhu-y-tang-dong-nghiep-tra-viet-qt107\/#primaryimage\"},\"thumbnailUrl\":\"https:\/\/caynhalavuon.azdigi.shop\/wp-content\/uploads\/2026\/04\/image-27.jpg\",\"datePublished\":\"2026-04-02T12:24:15+00:00\",\"dateModified\":\"2026-04-02T12:26:06+00:00\",\"breadcrumb\":{\"@id\":\"https:\/\/caynhalavuon.azdigi.shop\/index.php\/san-pham\/set-qua-tet-nhu-y-tang-dong-nghiep-tra-viet-qt107\/#breadcrumb\"},\"inLanguage\":\"vi\",\"potentialAction\":[{\"@type\":\"ReadAction\",\"target\":[\"https:\/\/caynhalavuon.azdigi.shop\/index.php\/san-pham\/set-qua-tet-nhu-y-tang-dong-nghiep-tra-viet-qt107\/\"]}]},{\"@type\":\"ImageObject\",\"inLanguage\":\"vi\",\"@id\":\"https:\/\/caynhalavuon.azdigi.shop\/index.php\/san-pham\/set-qua-tet-nhu-y-tang-dong-nghiep-tra-viet-qt107\/#primaryimage\",\"url\":\"https:\/\/caynhalavuon.azdigi.shop\/wp-content\/uploads\/2026\/04\/image-27.jpg\",\"contentUrl\":\"https:\/\/caynhalavuon.azdigi.shop\/wp-content\/uploads\/2026\/04\/image-27.jpg\",\"width\":1024,\"height\":1024},{\"@type\":\"BreadcrumbList\",\"@id\":\"https:\/\/caynhalavuon.azdigi.shop\/index.php\/san-pham\/set-qua-tet-nhu-y-tang-dong-nghiep-tra-viet-qt107\/#breadcrumb\",\"itemListElement\":[{\"@type\":\"ListItem\",\"position\":1,\"name\":\"Trang ch\u1ee7\",\"item\":\"https:\/\/caynhalavuon.azdigi.shop\/\"},{\"@type\":\"ListItem\",\"position\":2,\"name\":\"C\u1eeda h\u00e0ng\",\"item\":\"https:\/\/caynhalavuon.azdigi.shop\/index.php\/cua-hang\/\"},{\"@type\":\"ListItem\",\"position\":3,\"name\":\"Set qu\u00e0 t\u1ebft Nh\u01b0 \u00dd t\u1eb7ng \u0111\u1ed3ng nghi\u1ec7p \u2013 Tr\u00e0 Vi\u1ec7t QT107\"}]},{\"@type\":\"WebSite\",\"@id\":\"https:\/\/caynhalavuon.azdigi.shop\/#website\",\"url\":\"https:\/\/caynhalavuon.azdigi.shop\/\",\"name\":\"caynhalavuon\",\"description\":\"\",\"publisher\":{\"@id\":\"https:\/\/caynhalavuon.azdigi.shop\/#organization\"},\"potentialAction\":[{\"@type\":\"SearchAction\",\"target\":{\"@type\":\"EntryPoint\",\"urlTemplate\":\"https:\/\/caynhalavuon.azdigi.shop\/?s={search_term_string}\"},\"query-input\":{\"@type\":\"PropertyValueSpecification\",\"valueRequired\":true,\"valueName\":\"search_term_string\"}}],\"inLanguage\":\"vi\"},{\"@type\":\"Organization\",\"@id\":\"https:\/\/caynhalavuon.azdigi.shop\/#organization\",\"name\":\"The Tea Corner\",\"url\":\"https:\/\/caynhalavuon.azdigi.shop\/\",\"logo\":{\"@type\":\"ImageObject\",\"inLanguage\":\"vi\",\"@id\":\"https:\/\/caynhalavuon.azdigi.shop\/#\/schema\/logo\/image\/\",\"url\":\"https:\/\/caynhalavuon.azdigi.shop\/wp-content\/uploads\/2026\/02\/67304b6f-12af-4771-bfe8-8710db352713.png\",\"contentUrl\":\"https:\/\/caynhalavuon.azdigi.shop\/wp-content\/uploads\/2026\/02\/67304b6f-12af-4771-bfe8-8710db352713.png\",\"width\":1024,\"height\":1024,\"caption\":\"The Tea Corner\"},\"image\":{\"@id\":\"https:\/\/caynhalavuon.azdigi.shop\/#\/schema\/logo\/image\/\"}}]}<\/script>\n<!-- \/ Yoast SEO plugin. -->","yoast_head_json":{"title":"Set qu\u00e0 t\u1ebft Nh\u01b0 \u00dd t\u1eb7ng \u0111\u1ed3ng nghi\u1ec7p \u2013 Tr\u00e0 Vi\u1ec7t QT107 - \u00c1i Tr\u00e0","robots":{"index":"index","follow":"follow","max-snippet":"max-snippet:-1","max-image-preview":"max-image-preview:large","max-video-preview":"max-video-preview:-1"},"canonical":"https:\/\/caynhalavuon.azdigi.shop\/index.php\/san-pham\/set-qua-tet-nhu-y-tang-dong-nghiep-tra-viet-qt107\/","og_locale":"vi_VN","og_type":"article","og_title":"Set qu\u00e0 t\u1ebft Nh\u01b0 \u00dd t\u1eb7ng \u0111\u1ed3ng nghi\u1ec7p \u2013 Tr\u00e0 Vi\u1ec7t QT107 - \u00c1i Tr\u00e0","og_description":"B\u1ed9 Qu\u00e0 t\u1ebft Nh\u01b0 \u00dd sang tr\u1ecdng t\u1eb7ng s\u1ebfp, kh\u00e1ch VIP, ng\u01b0\u1eddi l\u1edbn tu\u1ed5i Tr\u00e0 Vi\u1ec7t QT107 H\u1ed9p qu\u00e0 Nh\u01b0 \u00dd, h\u1ed9p qu\u00e0 c\u1ee9ng, n\u1eafp nam ch\u00e2m, ch\u1ea5t li\u1ec7u gi\u1ea5y m\u0129 thu\u1eadt c\u00e1n g\u00e2n cao c\u1ea5p, th\u00edch h\u1ee3p l\u00e0m h\u1ed9p qu\u00e0 t\u1ebft 01 b\u1ed9 \u1ea5m tr\u00e0 thu\u1ef7 tinh ch\u1ecbu nhi\u1ec7t cao c\u1ea5p, g\u1ed3m 01 \u1ea5m v\u00e0 04 ch\u00e9n u\u1ed1ng tr\u00e0 01 h\u1ed9p \u00d4 Long Nh\u00e2n S\u00e2m, g\u1ed3m 12 t\u00fai tr\u00e0 8g h\u00fat ch\u00e2n kh\u00f4ng M\u1ed7i h\u1ed9p qu\u00e0 s\u1ebd \u0111i k\u00e8m v\u1edbi 1 t\u00fai \u0111\u1ef1ng h\u1ed9p qu\u00e0, 1 quy\u1ec3n s\u00e1ch \u201cChuy\u1ec7n tr\u00e0\u201d, bao l\u00ec x\u00ec v\u00e0 1 thi\u1ec7p ch\u00fac m\u1eebng n\u0103m m\u1edbi H\u1ed7 tr\u1ee3 thi\u1ebft k\u1ebf m\u1eabu h\u1ed9p, in logo doanh nghi\u1ec7p l\u00ean h\u1ed9p qu\u00e0 Giao h\u00e0ng to\u00e0n qu\u1ed1c","og_url":"https:\/\/caynhalavuon.azdigi.shop\/index.php\/san-pham\/set-qua-tet-nhu-y-tang-dong-nghiep-tra-viet-qt107\/","og_site_name":"\u00c1i Tr\u00e0","article_modified_time":"2026-04-02T12:26:06+00:00","og_image":[{"width":1024,"height":1024,"url":"https:\/\/caynhalavuon.azdigi.shop\/wp-content\/uploads\/2026\/04\/image-27.jpg","type":"image\/jpeg"}],"twitter_card":"summary_large_image","twitter_misc":{"\u01af\u1edbc t\u00ednh th\u1eddi gian \u0111\u1ecdc":"1 ph\u00fat"},"schema":{"@context":"https:\/\/schema.org","@graph":[{"@type":"WebPage","@id":"https:\/\/caynhalavuon.azdigi.shop\/index.php\/san-pham\/set-qua-tet-nhu-y-tang-dong-nghiep-tra-viet-qt107\/","url":"https:\/\/caynhalavuon.azdigi.shop\/index.php\/san-pham\/set-qua-tet-nhu-y-tang-dong-nghiep-tra-viet-qt107\/","name":"Set qu\u00e0 t\u1ebft Nh\u01b0 \u00dd t\u1eb7ng \u0111\u1ed3ng nghi\u1ec7p \u2013 Tr\u00e0 Vi\u1ec7t QT107 - \u00c1i Tr\u00e0","isPartOf":{"@id":"https:\/\/caynhalavuon.azdigi.shop\/#website"},"primaryImageOfPage":{"@id":"https:\/\/caynhalavuon.azdigi.shop\/index.php\/san-pham\/set-qua-tet-nhu-y-tang-dong-nghiep-tra-viet-qt107\/#primaryimage"},"image":{"@id":"https:\/\/caynhalavuon.azdigi.shop\/index.php\/san-pham\/set-qua-tet-nhu-y-tang-dong-nghiep-tra-viet-qt107\/#primaryimage"},"thumbnailUrl":"https:\/\/caynhalavuon.azdigi.shop\/wp-content\/uploads\/2026\/04\/image-27.jpg","datePublished":"2026-04-02T12:24:15+00:00","dateModified":"2026-04-02T12:26:06+00:00","breadcrumb":{"@id":"https:\/\/caynhalavuon.azdigi.shop\/index.php\/san-pham\/set-qua-tet-nhu-y-tang-dong-nghiep-tra-viet-qt107\/#breadcrumb"},"inLanguage":"vi","potentialAction":[{"@type":"ReadAction","target":["https:\/\/caynhalavuon.azdigi.shop\/index.php\/san-pham\/set-qua-tet-nhu-y-tang-dong-nghiep-tra-viet-qt107\/"]}]},{"@type":"ImageObject","inLanguage":"vi","@id":"https:\/\/caynhalavuon.azdigi.shop\/index.php\/san-pham\/set-qua-tet-nhu-y-tang-dong-nghiep-tra-viet-qt107\/#primaryimage","url":"https:\/\/caynhalavuon.azdigi.shop\/wp-content\/uploads\/2026\/04\/image-27.jpg","contentUrl":"https:\/\/caynhalavuon.azdigi.shop\/wp-content\/uploads\/2026\/04\/image-27.jpg","width":1024,"height":1024},{"@type":"BreadcrumbList","@id":"https:\/\/caynhalavuon.azdigi.shop\/index.php\/san-pham\/set-qua-tet-nhu-y-tang-dong-nghiep-tra-viet-qt107\/#breadcrumb","itemListElement":[{"@type":"ListItem","position":1,"name":"Trang ch\u1ee7","item":"https:\/\/caynhalavuon.azdigi.shop\/"},{"@type":"ListItem","position":2,"name":"C\u1eeda h\u00e0ng","item":"https:\/\/caynhalavuon.azdigi.shop\/index.php\/cua-hang\/"},{"@type":"ListItem","position":3,"name":"Set qu\u00e0 t\u1ebft Nh\u01b0 \u00dd t\u1eb7ng \u0111\u1ed3ng nghi\u1ec7p \u2013 Tr\u00e0 Vi\u1ec7t QT107"}]},{"@type":"WebSite","@id":"https:\/\/caynhalavuon.azdigi.shop\/#website","url":"https:\/\/caynhalavuon.azdigi.shop\/","name":"caynhalavuon","description":"","publisher":{"@id":"https:\/\/caynhalavuon.azdigi.shop\/#organization"},"potentialAction":[{"@type":"SearchAction","target":{"@type":"EntryPoint","urlTemplate":"https:\/\/caynhalavuon.azdigi.shop\/?s={search_term_string}"},"query-input":{"@type":"PropertyValueSpecification","valueRequired":true,"valueName":"search_term_string"}}],"inLanguage":"vi"},{"@type":"Organization","@id":"https:\/\/caynhalavuon.azdigi.shop\/#organization","name":"The Tea Corner","url":"https:\/\/caynhalavuon.azdigi.shop\/","logo":{"@type":"ImageObject","inLanguage":"vi","@id":"https:\/\/caynhalavuon.azdigi.shop\/#\/schema\/logo\/image\/","url":"https:\/\/caynhalavuon.azdigi.shop\/wp-content\/uploads\/2026\/02\/67304b6f-12af-4771-bfe8-8710db352713.png","contentUrl":"https:\/\/caynhalavuon.azdigi.shop\/wp-content\/uploads\/2026\/02\/67304b6f-12af-4771-bfe8-8710db352713.png","width":1024,"height":1024,"caption":"The Tea Corner"},"image":{"@id":"https:\/\/caynhalavuon.azdigi.shop\/#\/schema\/logo\/image\/"}}]}},"_links":{"self":[{"href":"https:\/\/caynhalavuon.azdigi.shop\/index.php\/wp-json\/wp\/v2\/product\/332","targetHints":{"allow":["GET"]}}],"collection":[{"href":"https:\/\/caynhalavuon.azdigi.shop\/index.php\/wp-json\/wp\/v2\/product"}],"about":[{"href":"https:\/\/caynhalavuon.azdigi.shop\/index.php\/wp-json\/wp\/v2\/types\/product"}],"replies":[{"embeddable":true,"href":"https:\/\/caynhalavuon.azdigi.shop\/index.php\/wp-json\/wp\/v2\/comments?post=332"}],"wp:featuredmedia":[{"embeddable":true,"href":"https:\/\/caynhalavuon.azdigi.shop\/index.php\/wp-json\/wp\/v2\/media\/333"}],"wp:attachment":[{"href":"https:\/\/caynhalavuon.azdigi.shop\/index.php\/wp-json\/wp\/v2\/media?parent=332"}],"wp:term":[{"taxonomy":"product_brand","embeddable":true,"href":"https:\/\/caynhalavuon.azdigi.shop\/index.php\/wp-json\/wp\/v2\/product_brand?post=332"},{"taxonomy":"product_cat","embeddable":true,"href":"https:\/\/caynhalavuon.azdigi.shop\/index.php\/wp-json\/wp\/v2\/product_cat?post=332"},{"taxonomy":"product_tag","embeddable":true,"href":"https:\/\/caynhalavuon.azdigi.shop\/index.php\/wp-json\/wp\/v2\/product_tag?post=332"}],"curies":[{"name":"wp","href":"https:\/\/api.w.org\/{rel}","templated":true}]}}