{"id":94,"date":"2026-03-05T10:27:03","date_gmt":"2026-03-05T10:27:03","guid":{"rendered":"http:\/\/localhost\/caynhalavuon\/index.php\/gio-hang\/"},"modified":"2026-03-19T11:44:14","modified_gmt":"2026-03-19T11:44:14","slug":"gio-hang","status":"publish","type":"page","link":"https:\/\/caynhalavuon.azdigi.shop\/index.php\/gio-hang\/","title":{"rendered":"Gi\u1ecf h\u00e0ng"},"content":{"rendered":"\n<div data-block-name=\"woocommerce\/cart\" class=\"wp-block-woocommerce-cart alignwide is-loading\">\n<div data-block-name=\"woocommerce\/filled-cart-block\" class=\"wp-block-woocommerce-filled-cart-block\">\n<div data-block-name=\"woocommerce\/cart-items-block\" class=\"wp-block-woocommerce-cart-items-block\">\n<div data-block-name=\"woocommerce\/cart-line-items-block\" class=\"wp-block-woocommerce-cart-line-items-block\"><\/div>\n\n\n<\/div>\n\n\n\n\n<div data-block-name=\"woocommerce\/cart-totals-block\" class=\"wp-block-woocommerce-cart-totals-block\">\n<div data-block-name=\"woocommerce\/cart-order-summary-block\" class=\"wp-block-woocommerce-cart-order-summary-block\">\n<div data-block-name=\"woocommerce\/cart-order-summary-heading-block\" class=\"wp-block-woocommerce-cart-order-summary-heading-block\"><\/div><div data-block-name=\"woocommerce\/cart-order-summary-coupon-form-block\" class=\"wp-block-woocommerce-cart-order-summary-coupon-form-block\"><\/div><div data-block-name=\"woocommerce\/cart-order-summary-totals-block\" class=\"wp-block-woocommerce-cart-order-summary-totals-block\">\n<div data-block-name=\"woocommerce\/cart-order-summary-subtotal-block\" class=\"wp-block-woocommerce-cart-order-summary-subtotal-block\"><\/div>\n<div data-block-name=\"woocommerce\/cart-order-summary-discount-block\" class=\"wp-block-woocommerce-cart-order-summary-discount-block\"><\/div>\n<div data-block-name=\"woocommerce\/cart-order-summary-fee-block\" class=\"wp-block-woocommerce-cart-order-summary-fee-block\"><\/div>\n<div data-block-name=\"woocommerce\/cart-order-summary-shipping-block\" class=\"wp-block-woocommerce-cart-order-summary-shipping-block\"><\/div>\n<div data-block-name=\"woocommerce\/cart-order-summary-taxes-block\" class=\"wp-block-woocommerce-cart-order-summary-taxes-block\"><\/div><\/div>\n<\/div>\n\n\n\n<div data-block-name=\"woocommerce\/cart-express-payment-block\" class=\"wp-block-woocommerce-cart-express-payment-block\"><\/div>\n\n\n\n<div data-block-name=\"woocommerce\/proceed-to-checkout-block\" class=\"wp-block-woocommerce-proceed-to-checkout-block\"><\/div>\n\n\n\n<div data-block-name=\"woocommerce\/cart-accepted-payment-methods-block\" class=\"wp-block-woocommerce-cart-accepted-payment-methods-block\"><\/div>\n<\/div>\n<\/div>\n\n\n\n<div data-block-name=\"woocommerce\/empty-cart-block\" class=\"wp-block-woocommerce-empty-cart-block\">\n<h2 class=\"wp-block-heading has-text-align-center with-empty-cart-icon wc-block-cart__empty-cart__title\">Gi\u1ecf h\u00e0ng hi\u1ec7n t\u1ea1i ch\u01b0a c\u00f3 s\u1ea3n ph\u1ea9m n\u00e0o!<\/h2>\n\n\n\n<hr class=\"wp-block-separator has-alpha-channel-opacity is-style-dots\"\/>\n\n\n\n<h2 class=\"wp-block-heading has-text-align-center\">M\u1edbi trong c\u1eeda h\u00e0ng<\/h2>\n\n\n<div data-block-name=\"woocommerce\/product-new\" data-columns=\"4\" data-rows=\"1\" class=\"wc-block-grid wp-block-product-new wp-block-woocommerce-product-new wc-block-product-new has-4-columns\"><ul class=\"wc-block-grid__products\"><li class=\"wc-block-grid__product\">\n\t\t\t\t<a href=\"https:\/\/caynhalavuon.azdigi.shop\/index.php\/san-pham\/hop-qua-bo-am-tra-thuy-tinh-tu-am\/\" class=\"wc-block-grid__product-link\">\n\t\t\t\t\t\n\t\t\t\t\t<div class=\"wc-block-grid__product-image\"><img loading=\"lazy\" decoding=\"async\" width=\"300\" height=\"300\" src=\"https:\/\/caynhalavuon.azdigi.shop\/wp-content\/uploads\/2026\/04\/image-42-300x300.jpg\" class=\"attachment-woocommerce_thumbnail size-woocommerce_thumbnail\" alt=\"H\u1ed9p Qu\u00e0 B\u1ed9 \u1ea4m Tr\u00e0 Thu\u1ef7 Tinh T\u1ee9 \u1ea8m\" srcset=\"https:\/\/caynhalavuon.azdigi.shop\/wp-content\/uploads\/2026\/04\/image-42-300x300.jpg 300w, https:\/\/caynhalavuon.azdigi.shop\/wp-content\/uploads\/2026\/04\/image-42-150x150.jpg 150w, https:\/\/caynhalavuon.azdigi.shop\/wp-content\/uploads\/2026\/04\/image-42-768x768.jpg 768w, https:\/\/caynhalavuon.azdigi.shop\/wp-content\/uploads\/2026\/04\/image-42-600x600.jpg 600w, https:\/\/caynhalavuon.azdigi.shop\/wp-content\/uploads\/2026\/04\/image-42-100x100.jpg 100w, https:\/\/caynhalavuon.azdigi.shop\/wp-content\/uploads\/2026\/04\/image-42.jpg 1024w\" sizes=\"auto, (max-width: 300px) 100vw, 300px\" \/><\/div>\n\t\t\t\t\t<div class=\"wc-block-grid__product-title\">H\u1ed9p Qu\u00e0 B\u1ed9 \u1ea4m Tr\u00e0 Thu\u1ef7 Tinh T\u1ee9 \u1ea8m<\/div>\n\t\t\t\t<\/a>\n\t\t\t\t<div class=\"wc-block-grid__product-price price\"><span class=\"woocommerce-Price-amount amount\">780,000<span class=\"woocommerce-Price-currencySymbol\">&#8363;<\/span><\/span><\/div>\n\t\t\t\t\n\t\t\t\t<div class=\"wp-block-button wc-block-grid__product-add-to-cart\"><a href=\"\/index.php\/wp-json\/wp\/v2\/pages\/94?add-to-cart=367\" aria-label=\"Th\u00eam v\u00e0o gi\u1ecf h\u00e0ng: &ldquo;H\u1ed9p Qu\u00e0 B\u1ed9 \u1ea4m Tr\u00e0 Thu\u1ef7 Tinh T\u1ee9 \u1ea8m&rdquo;\" data-quantity=\"1\" data-product_id=\"367\" data-product_sku=\"\" data-price=\"780000\" rel=\"nofollow\" class=\"wp-block-button__link  add_to_cart_button ajax_add_to_cart\">Th\u00eam v\u00e0o gi\u1ecf h\u00e0ng<\/a><\/div>\n\t\t\t<\/li><li class=\"wc-block-grid__product\">\n\t\t\t\t<a href=\"https:\/\/caynhalavuon.azdigi.shop\/index.php\/san-pham\/hop-qua-bo-am-tra-thuy-tinh-nhu-y\/\" class=\"wc-block-grid__product-link\">\n\t\t\t\t\t\n\t\t\t\t\t<div class=\"wc-block-grid__product-image\"><img loading=\"lazy\" decoding=\"async\" width=\"300\" height=\"300\" src=\"https:\/\/caynhalavuon.azdigi.shop\/wp-content\/uploads\/2026\/04\/image-41-300x300.jpg\" class=\"attachment-woocommerce_thumbnail size-woocommerce_thumbnail\" alt=\"H\u1ed9p Qu\u00e0 B\u1ed9 \u1ea4m Tr\u00e0 Thu\u1ef7 Tinh Nh\u01b0 \u00dd\" srcset=\"https:\/\/caynhalavuon.azdigi.shop\/wp-content\/uploads\/2026\/04\/image-41-300x300.jpg 300w, https:\/\/caynhalavuon.azdigi.shop\/wp-content\/uploads\/2026\/04\/image-41-150x150.jpg 150w, https:\/\/caynhalavuon.azdigi.shop\/wp-content\/uploads\/2026\/04\/image-41-768x768.jpg 768w, https:\/\/caynhalavuon.azdigi.shop\/wp-content\/uploads\/2026\/04\/image-41-600x600.jpg 600w, https:\/\/caynhalavuon.azdigi.shop\/wp-content\/uploads\/2026\/04\/image-41-100x100.jpg 100w, https:\/\/caynhalavuon.azdigi.shop\/wp-content\/uploads\/2026\/04\/image-41.jpg 1024w\" sizes=\"auto, (max-width: 300px) 100vw, 300px\" \/><\/div>\n\t\t\t\t\t<div class=\"wc-block-grid__product-title\">H\u1ed9p Qu\u00e0 B\u1ed9 \u1ea4m Tr\u00e0 Thu\u1ef7 Tinh Nh\u01b0 \u00dd<\/div>\n\t\t\t\t<\/a>\n\t\t\t\t<div class=\"wc-block-grid__product-price price\"><span class=\"woocommerce-Price-amount amount\">662,000<span class=\"woocommerce-Price-currencySymbol\">&#8363;<\/span><\/span><\/div>\n\t\t\t\t\n\t\t\t\t<div class=\"wp-block-button wc-block-grid__product-add-to-cart\"><a href=\"\/index.php\/wp-json\/wp\/v2\/pages\/94?add-to-cart=363\" aria-label=\"Th\u00eam v\u00e0o gi\u1ecf h\u00e0ng: &ldquo;H\u1ed9p Qu\u00e0 B\u1ed9 \u1ea4m Tr\u00e0 Thu\u1ef7 Tinh Nh\u01b0 \u00dd&rdquo;\" data-quantity=\"1\" data-product_id=\"363\" data-product_sku=\"\" data-price=\"662000\" rel=\"nofollow\" class=\"wp-block-button__link  add_to_cart_button ajax_add_to_cart\">Th\u00eam v\u00e0o gi\u1ecf h\u00e0ng<\/a><\/div>\n\t\t\t<\/li><li class=\"wc-block-grid__product\">\n\t\t\t\t<a href=\"https:\/\/caynhalavuon.azdigi.shop\/index.php\/san-pham\/hop-qua-tet-suc-khoe-tu-quy-tra-viet-qt20\/\" class=\"wc-block-grid__product-link\">\n\t\t\t\t\t\n\t\t\t\t\t<div class=\"wc-block-grid__product-image\"><img loading=\"lazy\" decoding=\"async\" width=\"300\" height=\"300\" src=\"https:\/\/caynhalavuon.azdigi.shop\/wp-content\/uploads\/2026\/04\/image-37-300x300.jpg\" class=\"attachment-woocommerce_thumbnail size-woocommerce_thumbnail\" alt=\"H\u1ed9p qu\u00e0 t\u1ebft s\u1ee9c kho\u1ebb T\u1ee9 Qu\u00fd \u2013 Tr\u00e0 Vi\u1ec7t QT20\" srcset=\"https:\/\/caynhalavuon.azdigi.shop\/wp-content\/uploads\/2026\/04\/image-37-300x300.jpg 300w, https:\/\/caynhalavuon.azdigi.shop\/wp-content\/uploads\/2026\/04\/image-37-150x150.jpg 150w, https:\/\/caynhalavuon.azdigi.shop\/wp-content\/uploads\/2026\/04\/image-37-768x768.jpg 768w, https:\/\/caynhalavuon.azdigi.shop\/wp-content\/uploads\/2026\/04\/image-37-600x600.jpg 600w, https:\/\/caynhalavuon.azdigi.shop\/wp-content\/uploads\/2026\/04\/image-37-100x100.jpg 100w, https:\/\/caynhalavuon.azdigi.shop\/wp-content\/uploads\/2026\/04\/image-37.jpg 1024w\" sizes=\"auto, (max-width: 300px) 100vw, 300px\" \/><\/div>\n\t\t\t\t\t<div class=\"wc-block-grid__product-title\">H\u1ed9p qu\u00e0 t\u1ebft s\u1ee9c kho\u1ebb T\u1ee9 Qu\u00fd \u2013 Tr\u00e0 Vi\u1ec7t QT20<\/div>\n\t\t\t\t<\/a>\n\t\t\t\t<div class=\"wc-block-grid__product-price price\"><span class=\"woocommerce-Price-amount amount\">560,000<span class=\"woocommerce-Price-currencySymbol\">&#8363;<\/span><\/span><\/div>\n\t\t\t\t\n\t\t\t\t<div class=\"wp-block-button wc-block-grid__product-add-to-cart\"><a href=\"\/index.php\/wp-json\/wp\/v2\/pages\/94?add-to-cart=357\" aria-label=\"Th\u00eam v\u00e0o gi\u1ecf h\u00e0ng: &ldquo;H\u1ed9p qu\u00e0 t\u1ebft s\u1ee9c kho\u1ebb T\u1ee9 Qu\u00fd \u2013 Tr\u00e0 Vi\u1ec7t QT20&rdquo;\" data-quantity=\"1\" data-product_id=\"357\" data-product_sku=\"\" data-price=\"560000\" rel=\"nofollow\" class=\"wp-block-button__link  add_to_cart_button ajax_add_to_cart\">Th\u00eam v\u00e0o gi\u1ecf h\u00e0ng<\/a><\/div>\n\t\t\t<\/li><li class=\"wc-block-grid__product\">\n\t\t\t\t<a href=\"https:\/\/caynhalavuon.azdigi.shop\/index.php\/san-pham\/qua-tet-suc-khoe-3-loai-tra-danh-tieng-tra-viet-qt15\/\" class=\"wc-block-grid__product-link\">\n\t\t\t\t\t\n\t\t\t\t\t<div class=\"wc-block-grid__product-image\"><img loading=\"lazy\" decoding=\"async\" width=\"300\" height=\"300\" src=\"https:\/\/caynhalavuon.azdigi.shop\/wp-content\/uploads\/2026\/04\/image-35-300x300.jpg\" class=\"attachment-woocommerce_thumbnail size-woocommerce_thumbnail\" alt=\"Qu\u00e0 t\u1ebft s\u1ee9c kho\u1ebb 3 lo\u1ea1i tr\u00e0 danh ti\u1ebfng \u2013 Tr\u00e0 Vi\u1ec7t QT15\" srcset=\"https:\/\/caynhalavuon.azdigi.shop\/wp-content\/uploads\/2026\/04\/image-35-300x300.jpg 300w, https:\/\/caynhalavuon.azdigi.shop\/wp-content\/uploads\/2026\/04\/image-35-150x150.jpg 150w, https:\/\/caynhalavuon.azdigi.shop\/wp-content\/uploads\/2026\/04\/image-35-768x768.jpg 768w, https:\/\/caynhalavuon.azdigi.shop\/wp-content\/uploads\/2026\/04\/image-35-600x600.jpg 600w, https:\/\/caynhalavuon.azdigi.shop\/wp-content\/uploads\/2026\/04\/image-35-100x100.jpg 100w, https:\/\/caynhalavuon.azdigi.shop\/wp-content\/uploads\/2026\/04\/image-35.jpg 1024w\" sizes=\"auto, (max-width: 300px) 100vw, 300px\" \/><\/div>\n\t\t\t\t\t<div class=\"wc-block-grid__product-title\">Qu\u00e0 t\u1ebft s\u1ee9c kho\u1ebb 3 lo\u1ea1i tr\u00e0 danh ti\u1ebfng \u2013 Tr\u00e0 Vi\u1ec7t QT15<\/div>\n\t\t\t\t<\/a>\n\t\t\t\t<div class=\"wc-block-grid__product-price price\"><span class=\"woocommerce-Price-amount amount\">972,000<span class=\"woocommerce-Price-currencySymbol\">&#8363;<\/span><\/span><\/div>\n\t\t\t\t\n\t\t\t\t<div class=\"wp-block-button wc-block-grid__product-add-to-cart\"><a href=\"\/index.php\/wp-json\/wp\/v2\/pages\/94?add-to-cart=350\" aria-label=\"Th\u00eam v\u00e0o gi\u1ecf h\u00e0ng: &ldquo;Qu\u00e0 t\u1ebft s\u1ee9c kho\u1ebb 3 lo\u1ea1i tr\u00e0 danh ti\u1ebfng \u2013 Tr\u00e0 Vi\u1ec7t QT15&rdquo;\" data-quantity=\"1\" data-product_id=\"350\" data-product_sku=\"\" data-price=\"972000\" rel=\"nofollow\" class=\"wp-block-button__link  add_to_cart_button ajax_add_to_cart\">Th\u00eam v\u00e0o gi\u1ecf h\u00e0ng<\/a><\/div>\n\t\t\t<\/li><\/ul><\/div><\/div>\n<\/div>\n","protected":false},"excerpt":{"rendered":"","protected":false},"author":1,"featured_media":0,"parent":0,"menu_order":0,"comment_status":"closed","ping_status":"closed","template":"","meta":{"footnotes":""},"class_list":["post-94","page","type-page","status-publish","hentry"],"yoast_head":"<!-- This site is optimized with the Yoast SEO plugin v26.9 - https:\/\/yoast.com\/product\/yoast-seo-wordpress\/ -->\n<title>Gi\u1ecf h\u00e0ng - \u00c1i Tr\u00e0<\/title>\n<meta name=\"robots\" content=\"index, follow, max-snippet:-1, max-image-preview:large, max-video-preview:-1\" \/>\n<link rel=\"canonical\" href=\"https:\/\/caynhalavuon.azdigi.shop\/index.php\/gio-hang\/\" \/>\n<meta property=\"og:locale\" content=\"vi_VN\" \/>\n<meta property=\"og:type\" content=\"article\" \/>\n<meta property=\"og:title\" content=\"Gi\u1ecf h\u00e0ng - \u00c1i Tr\u00e0\" \/>\n<meta property=\"og:url\" content=\"https:\/\/caynhalavuon.azdigi.shop\/index.php\/gio-hang\/\" \/>\n<meta property=\"og:site_name\" content=\"\u00c1i Tr\u00e0\" \/>\n<meta property=\"article:modified_time\" content=\"2026-03-19T11:44:14+00:00\" \/>\n<meta name=\"twitter:card\" content=\"summary_large_image\" \/>\n<script type=\"application\/ld+json\" class=\"yoast-schema-graph\">{\"@context\":\"https:\/\/schema.org\",\"@graph\":[{\"@type\":\"WebPage\",\"@id\":\"https:\/\/caynhalavuon.azdigi.shop\/index.php\/gio-hang\/\",\"url\":\"https:\/\/caynhalavuon.azdigi.shop\/index.php\/gio-hang\/\",\"name\":\"Gi\u1ecf h\u00e0ng - \u00c1i Tr\u00e0\",\"isPartOf\":{\"@id\":\"https:\/\/caynhalavuon.azdigi.shop\/#website\"},\"datePublished\":\"2026-03-05T10:27:03+00:00\",\"dateModified\":\"2026-03-19T11:44:14+00:00\",\"breadcrumb\":{\"@id\":\"https:\/\/caynhalavuon.azdigi.shop\/index.php\/gio-hang\/#breadcrumb\"},\"inLanguage\":\"vi\",\"potentialAction\":[{\"@type\":\"ReadAction\",\"target\":[\"https:\/\/caynhalavuon.azdigi.shop\/index.php\/gio-hang\/\"]}]},{\"@type\":\"BreadcrumbList\",\"@id\":\"https:\/\/caynhalavuon.azdigi.shop\/index.php\/gio-hang\/#breadcrumb\",\"itemListElement\":[{\"@type\":\"ListItem\",\"position\":1,\"name\":\"Trang ch\u1ee7\",\"item\":\"https:\/\/caynhalavuon.azdigi.shop\/\"},{\"@type\":\"ListItem\",\"position\":2,\"name\":\"Gi\u1ecf h\u00e0ng\"}]},{\"@type\":\"WebSite\",\"@id\":\"https:\/\/caynhalavuon.azdigi.shop\/#website\",\"url\":\"https:\/\/caynhalavuon.azdigi.shop\/\",\"name\":\"caynhalavuon\",\"description\":\"\",\"publisher\":{\"@id\":\"https:\/\/caynhalavuon.azdigi.shop\/#organization\"},\"potentialAction\":[{\"@type\":\"SearchAction\",\"target\":{\"@type\":\"EntryPoint\",\"urlTemplate\":\"https:\/\/caynhalavuon.azdigi.shop\/?s={search_term_string}\"},\"query-input\":{\"@type\":\"PropertyValueSpecification\",\"valueRequired\":true,\"valueName\":\"search_term_string\"}}],\"inLanguage\":\"vi\"},{\"@type\":\"Organization\",\"@id\":\"https:\/\/caynhalavuon.azdigi.shop\/#organization\",\"name\":\"The Tea Corner\",\"url\":\"https:\/\/caynhalavuon.azdigi.shop\/\",\"logo\":{\"@type\":\"ImageObject\",\"inLanguage\":\"vi\",\"@id\":\"https:\/\/caynhalavuon.azdigi.shop\/#\/schema\/logo\/image\/\",\"url\":\"https:\/\/caynhalavuon.azdigi.shop\/wp-content\/uploads\/2026\/02\/67304b6f-12af-4771-bfe8-8710db352713.png\",\"contentUrl\":\"https:\/\/caynhalavuon.azdigi.shop\/wp-content\/uploads\/2026\/02\/67304b6f-12af-4771-bfe8-8710db352713.png\",\"width\":1024,\"height\":1024,\"caption\":\"The Tea Corner\"},\"image\":{\"@id\":\"https:\/\/caynhalavuon.azdigi.shop\/#\/schema\/logo\/image\/\"}}]}<\/script>\n<!-- \/ Yoast SEO plugin. -->","yoast_head_json":{"title":"Gi\u1ecf h\u00e0ng - \u00c1i Tr\u00e0","robots":{"index":"index","follow":"follow","max-snippet":"max-snippet:-1","max-image-preview":"max-image-preview:large","max-video-preview":"max-video-preview:-1"},"canonical":"https:\/\/caynhalavuon.azdigi.shop\/index.php\/gio-hang\/","og_locale":"vi_VN","og_type":"article","og_title":"Gi\u1ecf h\u00e0ng - \u00c1i Tr\u00e0","og_url":"https:\/\/caynhalavuon.azdigi.shop\/index.php\/gio-hang\/","og_site_name":"\u00c1i Tr\u00e0","article_modified_time":"2026-03-19T11:44:14+00:00","twitter_card":"summary_large_image","schema":{"@context":"https:\/\/schema.org","@graph":[{"@type":"WebPage","@id":"https:\/\/caynhalavuon.azdigi.shop\/index.php\/gio-hang\/","url":"https:\/\/caynhalavuon.azdigi.shop\/index.php\/gio-hang\/","name":"Gi\u1ecf h\u00e0ng - \u00c1i Tr\u00e0","isPartOf":{"@id":"https:\/\/caynhalavuon.azdigi.shop\/#website"},"datePublished":"2026-03-05T10:27:03+00:00","dateModified":"2026-03-19T11:44:14+00:00","breadcrumb":{"@id":"https:\/\/caynhalavuon.azdigi.shop\/index.php\/gio-hang\/#breadcrumb"},"inLanguage":"vi","potentialAction":[{"@type":"ReadAction","target":["https:\/\/caynhalavuon.azdigi.shop\/index.php\/gio-hang\/"]}]},{"@type":"BreadcrumbList","@id":"https:\/\/caynhalavuon.azdigi.shop\/index.php\/gio-hang\/#breadcrumb","itemListElement":[{"@type":"ListItem","position":1,"name":"Trang ch\u1ee7","item":"https:\/\/caynhalavuon.azdigi.shop\/"},{"@type":"ListItem","position":2,"name":"Gi\u1ecf h\u00e0ng"}]},{"@type":"WebSite","@id":"https:\/\/caynhalavuon.azdigi.shop\/#website","url":"https:\/\/caynhalavuon.azdigi.shop\/","name":"caynhalavuon","description":"","publisher":{"@id":"https:\/\/caynhalavuon.azdigi.shop\/#organization"},"potentialAction":[{"@type":"SearchAction","target":{"@type":"EntryPoint","urlTemplate":"https:\/\/caynhalavuon.azdigi.shop\/?s={search_term_string}"},"query-input":{"@type":"PropertyValueSpecification","valueRequired":true,"valueName":"search_term_string"}}],"inLanguage":"vi"},{"@type":"Organization","@id":"https:\/\/caynhalavuon.azdigi.shop\/#organization","name":"The Tea Corner","url":"https:\/\/caynhalavuon.azdigi.shop\/","logo":{"@type":"ImageObject","inLanguage":"vi","@id":"https:\/\/caynhalavuon.azdigi.shop\/#\/schema\/logo\/image\/","url":"https:\/\/caynhalavuon.azdigi.shop\/wp-content\/uploads\/2026\/02\/67304b6f-12af-4771-bfe8-8710db352713.png","contentUrl":"https:\/\/caynhalavuon.azdigi.shop\/wp-content\/uploads\/2026\/02\/67304b6f-12af-4771-bfe8-8710db352713.png","width":1024,"height":1024,"caption":"The Tea Corner"},"image":{"@id":"https:\/\/caynhalavuon.azdigi.shop\/#\/schema\/logo\/image\/"}}]}},"_links":{"self":[{"href":"https:\/\/caynhalavuon.azdigi.shop\/index.php\/wp-json\/wp\/v2\/pages\/94","targetHints":{"allow":["GET"]}}],"collection":[{"href":"https:\/\/caynhalavuon.azdigi.shop\/index.php\/wp-json\/wp\/v2\/pages"}],"about":[{"href":"https:\/\/caynhalavuon.azdigi.shop\/index.php\/wp-json\/wp\/v2\/types\/page"}],"author":[{"embeddable":true,"href":"https:\/\/caynhalavuon.azdigi.shop\/index.php\/wp-json\/wp\/v2\/users\/1"}],"replies":[{"embeddable":true,"href":"https:\/\/caynhalavuon.azdigi.shop\/index.php\/wp-json\/wp\/v2\/comments?post=94"}],"version-history":[{"count":1,"href":"https:\/\/caynhalavuon.azdigi.shop\/index.php\/wp-json\/wp\/v2\/pages\/94\/revisions"}],"predecessor-version":[{"id":136,"href":"https:\/\/caynhalavuon.azdigi.shop\/index.php\/wp-json\/wp\/v2\/pages\/94\/revisions\/136"}],"wp:attachment":[{"href":"https:\/\/caynhalavuon.azdigi.shop\/index.php\/wp-json\/wp\/v2\/media?parent=94"}],"curies":[{"name":"wp","href":"https:\/\/api.w.org\/{rel}","templated":true}]}}